{"id":25,"date":"2024-02-08T00:31:40","date_gmt":"2024-02-07T23:31:40","guid":{"rendered":"https:\/\/niort-escrime.com\/?page_id=25"},"modified":"2026-02-10T15:34:02","modified_gmt":"2026-02-10T14:34:02","slug":"horaires","status":"publish","type":"page","link":"https:\/\/niort-escrime.com\/index.php\/horaires\/","title":{"rendered":"Horaires"},"content":{"rendered":"\n<div class=\"wp-block-group alignwide has-base-2-background-color has-background has-global-padding is-layout-constrained wp-container-core-group-is-layout-a151063b wp-block-group-is-layout-constrained\" style=\"border-radius:16px;padding-top:var(--wp--preset--spacing--50);padding-right:var(--wp--preset--spacing--40);padding-bottom:var(--wp--preset--spacing--50);padding-left:var(--wp--preset--spacing--40)\">\n<h2 class=\"wp-block-heading has-text-align-center\">En piste !<\/h2>\n\n\n\n<div style=\"height:var(--wp--preset--spacing--10)\" aria-hidden=\"true\" class=\"wp-block-spacer\"><\/div>\n\n\n\n<div class=\"wp-block-columns alignwide is-layout-flex wp-container-core-columns-is-layout-06670bbc wp-block-columns-is-layout-flex\">\n<div class=\"wp-block-column is-vertically-aligned-top is-layout-flow wp-block-column-is-layout-flow\" style=\"padding-top:var(--wp--preset--spacing--30);padding-right:var(--wp--preset--spacing--30);padding-bottom:var(--wp--preset--spacing--10);padding-left:var(--wp--preset--spacing--30)\">\n<h3 class=\"wp-block-heading has-text-align-center is-style-default\" style=\"padding-top:1px;font-style:italic;font-weight:400\"><strong>Mardi<\/strong><\/h3>\n\n\n\n<div style=\"height:var(--wp--preset--spacing--10)\" aria-hidden=\"true\" class=\"wp-block-spacer\"><\/div>\n\n\n\n<div class=\"wp-block-group is-vertical is-content-justification-stretch is-layout-flex wp-container-core-group-is-layout-353c4f5a wp-block-group-is-layout-flex\">\n<hr class=\"wp-block-separator has-text-color has-contrast-3-color has-alpha-channel-opacity has-contrast-3-background-color has-background is-style-wide\"\/>\n\n\n\n<p class=\"has-text-align-center\"><em>Cours enfants de 6 \u00e0 13 ans<\/em> <br><em>D\u00e9butants<\/em><br>18h00 &#8211; 19h00<br><em>Perfectionnement<\/em><br>19h00 &#8211; 20h00<\/p>\n\n\n\n<hr class=\"wp-block-separator has-text-color has-contrast-3-color has-alpha-channel-opacity has-contrast-3-background-color has-background is-style-wide\"\/>\n\n\n\n<p class=\"has-text-align-center\"><em>Cours ados\/adultes<\/em><br>19h00 &#8211; 20h30<\/p>\n\n\n\n<hr class=\"wp-block-separator has-text-color has-contrast-3-color has-alpha-channel-opacity has-contrast-3-background-color has-background is-style-wide\"\/>\n\n\n\n<p class=\"has-text-align-center\"><em>Assauts libres &amp; le\u00e7ons individuelles<\/em><br>20h30 &#8211; 21h<\/p>\n\n\n\n<hr class=\"wp-block-separator has-text-color has-contrast-3-color has-alpha-channel-opacity has-contrast-3-background-color has-background is-style-wide\"\/>\n<\/div>\n<\/div>\n\n\n\n<div class=\"wp-block-column is-vertically-aligned-top is-layout-flow wp-block-column-is-layout-flow\" style=\"padding-top:var(--wp--preset--spacing--30);padding-right:var(--wp--preset--spacing--30);padding-bottom:var(--wp--preset--spacing--10);padding-left:var(--wp--preset--spacing--30)\">\n<h3 class=\"wp-block-heading has-text-align-center is-style-default\" style=\"font-style:italic;font-weight:400\"><strong>Vendredi<\/strong><\/h3>\n\n\n\n<div style=\"height:var(--wp--preset--spacing--10)\" aria-hidden=\"true\" class=\"wp-block-spacer\"><\/div>\n\n\n\n<div class=\"wp-block-group is-vertical is-content-justification-stretch is-layout-flex wp-container-core-group-is-layout-353c4f5a wp-block-group-is-layout-flex\">\n<hr class=\"wp-block-separator has-text-color has-contrast-3-color has-alpha-channel-opacity has-contrast-3-background-color has-background is-style-wide\"\/>\n\n\n\n<p class=\"has-text-align-center\"><em>Cours enfants de 6 \u00e0 13 ans<\/em> <br><em>D\u00e9butants<\/em><br>18h00 &#8211; 19h00<br><em>Perfectionnement<\/em><br>19h00 &#8211; 20h00<\/p>\n\n\n\n<hr class=\"wp-block-separator has-text-color has-contrast-3-color has-alpha-channel-opacity has-contrast-3-background-color has-background is-style-wide\"\/>\n\n\n\n<p class=\"has-text-align-center\"><em>Cours ados\/adultes<\/em><br>19h00 &#8211; 20h30<\/p>\n\n\n\n<hr class=\"wp-block-separator has-text-color has-contrast-3-color has-alpha-channel-opacity has-contrast-3-background-color has-background is-style-wide\"\/>\n\n\n\n<p class=\"has-text-align-center\"><em>Assauts libres &amp; le\u00e7ons individuelles<\/em><br>20h30 &#8211; 22h<\/p>\n\n\n\n<hr class=\"wp-block-separator has-text-color has-contrast-3-color has-alpha-channel-opacity has-contrast-3-background-color has-background is-style-wide\"\/>\n<\/div>\n<\/div>\n<\/div>\n<\/div>\n","protected":false},"excerpt":{"rendered":"<p>En piste ! Mardi Cours enfants de 6 \u00e0 13 ans D\u00e9butants18h00 &#8211; 19h00Perfectionnement19h00 &#8211; 20h00 Cours ados\/adultes19h00 &#8211; 20h30 Assauts libres &amp; le\u00e7ons individuelles20h30 &#8211; 21h Vendredi Cours enfants de 6 \u00e0 13 ans D\u00e9butants18h00 &#8211; 19h00Perfectionnement19h00 &#8211; 20h00 Cours ados\/adultes19h00 &#8211; 20h30 Assauts libres &amp; le\u00e7ons individuelles20h30 &#8211; 22h<\/p>\n","protected":false},"author":1,"featured_media":0,"parent":0,"menu_order":0,"comment_status":"closed","ping_status":"closed","template":"","meta":{"footnotes":""},"class_list":["post-25","page","type-page","status-publish","hentry"],"aioseo_notices":[],"_links":{"self":[{"href":"https:\/\/niort-escrime.com\/index.php\/wp-json\/wp\/v2\/pages\/25","targetHints":{"allow":["GET"]}}],"collection":[{"href":"https:\/\/niort-escrime.com\/index.php\/wp-json\/wp\/v2\/pages"}],"about":[{"href":"https:\/\/niort-escrime.com\/index.php\/wp-json\/wp\/v2\/types\/page"}],"author":[{"embeddable":true,"href":"https:\/\/niort-escrime.com\/index.php\/wp-json\/wp\/v2\/users\/1"}],"replies":[{"embeddable":true,"href":"https:\/\/niort-escrime.com\/index.php\/wp-json\/wp\/v2\/comments?post=25"}],"version-history":[{"count":72,"href":"https:\/\/niort-escrime.com\/index.php\/wp-json\/wp\/v2\/pages\/25\/revisions"}],"predecessor-version":[{"id":1182,"href":"https:\/\/niort-escrime.com\/index.php\/wp-json\/wp\/v2\/pages\/25\/revisions\/1182"}],"wp:attachment":[{"href":"https:\/\/niort-escrime.com\/index.php\/wp-json\/wp\/v2\/media?parent=25"}],"curies":[{"name":"wp","href":"https:\/\/api.w.org\/{rel}","templated":true}]}}