{"id":21,"date":"2024-02-08T00:31:35","date_gmt":"2024-02-07T23:31:35","guid":{"rendered":"https:\/\/niort-escrime.com\/?page_id=21"},"modified":"2026-04-10T19:14:57","modified_gmt":"2026-04-10T17:14:57","slug":"inscription","status":"publish","type":"page","link":"https:\/\/niort-escrime.com\/index.php\/inscription\/","title":{"rendered":"Inscription"},"content":{"rendered":"\n<div class=\"wp-block-group alignwide has-base-2-background-color has-background has-global-padding is-layout-constrained wp-container-core-group-is-layout-a151063b wp-block-group-is-layout-constrained\" style=\"border-radius:16px;padding-top:var(--wp--preset--spacing--50);padding-right:var(--wp--preset--spacing--40);padding-bottom:var(--wp--preset--spacing--50);padding-left:var(--wp--preset--spacing--40)\">\n<h2 class=\"wp-block-heading has-text-align-center\">Rejoignez-nous !<\/h2>\n\n\n\n<div style=\"height:var(--wp--preset--spacing--10)\" aria-hidden=\"true\" class=\"wp-block-spacer\"><\/div>\n\n\n\n<p class=\"has-text-align-center\">Le club accueille des tireurs \u00e0 partir de l\u2019\u00e2ge de 6 ans (ann\u00e9e de CP).<br>Les jeunes tireurs se forment au fleuret.<br><br>La section ados\/adultes accueille des tireurs de tous les niveaux, du d\u00e9butant au comp\u00e9titeur exp\u00e9riment\u00e9, \u00e0 l\u2019\u00e9p\u00e9e ou au sabre.<br><br><em>Le paiement s\u2019effectue par virement ou par ch\u00e8que(s) \u00e0 l\u2019inscription.<br>Il est possible de r\u00e9gler en trois fois.<\/em><\/p>\n\n\n\n<div style=\"height:var(--wp--preset--spacing--10)\" aria-hidden=\"true\" class=\"wp-block-spacer\"><\/div>\n\n\n\n<div class=\"wp-block-columns alignwide is-layout-flex wp-container-core-columns-is-layout-06670bbc wp-block-columns-is-layout-flex\">\n<div class=\"wp-block-column is-vertically-aligned-top is-layout-flow wp-block-column-is-layout-flow\" style=\"padding-top:var(--wp--preset--spacing--30);padding-right:var(--wp--preset--spacing--30);padding-bottom:var(--wp--preset--spacing--10);padding-left:var(--wp--preset--spacing--30)\">\n<h3 class=\"wp-block-heading has-text-align-center is-style-default\" style=\"padding-top:1px;font-style:italic;font-weight:400\"><strong>Cotisation au Club<\/strong><\/h3>\n\n\n\n<div style=\"height:var(--wp--preset--spacing--10)\" aria-hidden=\"true\" class=\"wp-block-spacer\"><\/div>\n\n\n\n<h5 class=\"wp-block-heading has-text-align-center has-large-font-size\">200 \u20ac<\/h5>\n\n\n\n<div style=\"height:var(--wp--preset--spacing--10)\" aria-hidden=\"true\" class=\"wp-block-spacer\"><\/div>\n\n\n\n<div class=\"wp-block-group is-vertical is-content-justification-stretch is-layout-flex wp-container-core-group-is-layout-353c4f5a wp-block-group-is-layout-flex\">\n<hr class=\"wp-block-separator has-text-color has-contrast-3-color has-alpha-channel-opacity has-contrast-3-background-color has-background is-style-wide\"\/>\n\n\n\n<p class=\"has-text-align-center\"><em>\u00ab\u00a0apr\u00e8s avoir pris contact avec le club\u00a0\u00bb<\/em><br>Renseigner le <a href=\"https:\/\/docs.google.com\/forms\/d\/e\/1FAIpQLSdIspZWrv3y3UYZ5JY5jplXcrMrPZ1l3gfpSsVeex37MB80IA\/viewform?usp=sharing&amp;ouid=106669998597566744373\" target=\"_blank\" rel=\"noopener\" title=\"\">formulaire d&rsquo;inscription<\/a><br>Signer le <a href=\"https:\/\/niort-escrime.com\/wp-content\/uploads\/2025\/09\/MEMENTO_25_26.pdf\" target=\"_blank\" rel=\"noopener\" title=\"\">memento<\/a> et le <a href=\"https:\/\/niort-escrime.com\/wp-content\/uploads\/2026\/04\/CEDG-ri_2026.pdf\" target=\"_blank\" rel=\"noopener\" title=\"\">r\u00e8glement int\u00e9rieur<\/a><\/p>\n\n\n\n<hr class=\"wp-block-separator has-text-color has-contrast-3-color has-alpha-channel-opacity has-contrast-3-background-color has-background is-style-wide\"\/>\n\n\n\n<p class=\"has-text-align-center\">Joindre une photo d&rsquo;identit\u00e9<\/p>\n\n\n\n<hr class=\"wp-block-separator has-text-color has-contrast-3-color has-alpha-channel-opacity has-contrast-3-background-color has-background is-style-wide\"\/>\n<\/div>\n<\/div>\n\n\n\n<div class=\"wp-block-column is-vertically-aligned-top is-layout-flow wp-block-column-is-layout-flow\" style=\"padding-top:var(--wp--preset--spacing--30);padding-right:var(--wp--preset--spacing--30);padding-bottom:var(--wp--preset--spacing--10);padding-left:var(--wp--preset--spacing--30)\">\n<h3 class=\"wp-block-heading has-text-align-center is-style-default\" style=\"font-style:italic;font-weight:400\"><strong>Licence FFE<\/strong><\/h3>\n\n\n\n<div style=\"height:var(--wp--preset--spacing--10)\" aria-hidden=\"true\" class=\"wp-block-spacer\"><\/div>\n\n\n\n<h5 class=\"wp-block-heading has-text-align-center has-medium-font-size\"><em>\u00ab\u00a0avec assurance option LICENCE+\u00a0\u00bb<\/em><br><br>M7 &gt; 40 \u20ac<br>M9 &gt; 58 \u20ac <br>M11 &amp; plus &gt; 72 \u20ac<br><em>(Voir ci-dessous)<\/em><\/h5>\n\n\n\n<div style=\"height:var(--wp--preset--spacing--10)\" aria-hidden=\"true\" class=\"wp-block-spacer\"><\/div>\n\n\n\n<div class=\"wp-block-group is-vertical is-content-justification-stretch is-layout-flex wp-container-core-group-is-layout-353c4f5a wp-block-group-is-layout-flex\">\n<hr class=\"wp-block-separator has-text-color has-contrast-3-color has-alpha-channel-opacity has-contrast-3-background-color has-background is-style-wide\"\/>\n\n\n\n<p class=\"has-text-align-center\">MINEUR<br>Compl\u00e9ter le <a href=\"https:\/\/niort-escrime.com\/wp-content\/uploads\/2024\/02\/FFE-QS-sportif-mineur.pdf\" target=\"_blank\" rel=\"noreferrer noopener\">questionnaire et l&rsquo;attestation<\/a><\/p>\n\n\n\n<hr class=\"wp-block-separator has-text-color has-contrast-3-color has-alpha-channel-opacity has-contrast-3-background-color has-background is-style-wide\"\/>\n\n\n\n<p class=\"has-text-align-center\">MAJEUR<br><em>Premi\u00e8re licence puis tous les trois ans<\/em> :<br>Faire remplir le <a href=\"https:\/\/niort-escrime.com\/wp-content\/uploads\/2024\/02\/FFE-certificat.pdf\" target=\"_blank\" rel=\"noreferrer noopener\">certificat m\u00e9dical<\/a><\/p>\n\n\n\n<p class=\"has-text-align-center\"><em>Chaque ann\u00e9e sans certificat<\/em><br>Compl\u00e9ter le <a href=\"https:\/\/niort-escrime.com\/wp-content\/uploads\/2024\/02\/FEE-QS-sport.pdf\" target=\"_blank\" rel=\"noreferrer noopener\">questionnaire<\/a><\/p>\n\n\n\n<hr class=\"wp-block-separator has-text-color has-contrast-3-color has-alpha-channel-opacity has-contrast-3-background-color has-background is-style-wide\"\/>\n\n\n\n<p class=\"has-text-align-center\">V\u00c9T\u00c9RAN<br>Faire remplir le <a href=\"https:\/\/niort-escrime.com\/wp-content\/uploads\/2024\/02\/FFE-certificat-veterans-sans-competition.pdf\" target=\"_blank\" rel=\"noreferrer noopener\">certificat m\u00e9dical sp\u00e9cifique<\/a><br><br><em>Comp\u00e9titeur<\/em><br>Faire remplir le <a href=\"https:\/\/niort-escrime.com\/wp-content\/uploads\/2024\/08\/FFE-certificat-veterans-competition.pdf\" target=\"_blank\" rel=\"noopener\" title=\"\">certificat m\u00e9dical sp\u00e9cifique comp\u00e9tition<\/a><\/p>\n<\/div>\n\n\n\n<hr class=\"wp-block-separator has-text-color has-contrast-3-color has-alpha-channel-opacity has-contrast-3-background-color has-background is-style-wide\"\/>\n<\/div>\n\n\n\n<div class=\"wp-block-column is-layout-flow wp-block-column-is-layout-flow\" style=\"padding-top:var(--wp--preset--spacing--30);padding-right:var(--wp--preset--spacing--30);padding-bottom:var(--wp--preset--spacing--10);padding-left:var(--wp--preset--spacing--30)\">\n<h3 class=\"wp-block-heading has-text-align-center\" style=\"font-style:italic;font-weight:400\"><strong>Location du mat\u00e9riel<\/strong><\/h3>\n\n\n\n<div style=\"height:var(--wp--preset--spacing--10)\" aria-hidden=\"true\" class=\"wp-block-spacer\"><\/div>\n\n\n\n<h5 class=\"wp-block-heading has-text-align-center has-large-font-size\">* 100 \u20ac<\/h5>\n\n\n\n<div style=\"height:var(--wp--preset--spacing--10)\" aria-hidden=\"true\" class=\"wp-block-spacer\"><\/div>\n\n\n\n<div class=\"wp-block-group is-vertical is-content-justification-stretch is-layout-flex wp-container-core-group-is-layout-353c4f5a wp-block-group-is-layout-flex\">\n<hr class=\"wp-block-separator has-text-color has-contrast-3-color has-alpha-channel-opacity has-contrast-3-background-color has-background is-style-wide\"\/>\n\n\n\n<p class=\"has-text-align-center\">* \u00c9quipement complet<\/p>\n\n\n\n<hr class=\"wp-block-separator has-text-color has-contrast-3-color has-alpha-channel-opacity has-contrast-3-background-color has-background is-style-wide\"\/>\n\n\n\n<div class=\"wp-block-columns is-layout-flex wp-container-core-columns-is-layout-28f84493 wp-block-columns-is-layout-flex\">\n<div class=\"wp-block-column is-vertically-aligned-center is-layout-flow wp-block-column-is-layout-flow\">\n<figure class=\"wp-block-image aligncenter size-full is-resized is-style-rounded is-style-rounded--1\"><img loading=\"lazy\" decoding=\"async\" width=\"512\" height=\"512\" src=\"https:\/\/niort-escrime.com\/wp-content\/uploads\/2024\/02\/Gant.png\" alt=\"\" class=\"wp-image-381\" style=\"width:auto;height:60px\" srcset=\"https:\/\/niort-escrime.com\/wp-content\/uploads\/2024\/02\/Gant.png 512w, https:\/\/niort-escrime.com\/wp-content\/uploads\/2024\/02\/Gant-300x300.png 300w, https:\/\/niort-escrime.com\/wp-content\/uploads\/2024\/02\/Gant-150x150.png 150w\" sizes=\"auto, (max-width: 512px) 100vw, 512px\" \/><\/figure>\n<\/div>\n<\/div>\n\n\n\n<p class=\"has-text-align-center\">Achat du gant<br>10 \u20ac<\/p>\n\n\n\n<hr class=\"wp-block-separator has-text-color has-contrast-3-color has-alpha-channel-opacity has-contrast-3-background-color has-background is-style-wide\"\/>\n\n\n\n<p class=\"has-text-align-center has-small-font-size\">S&rsquo;\u00e9quiper de chaussettes hautes et de chaussures d&rsquo;escrime\/salle\/tennis<\/p>\n\n\n\n<hr class=\"wp-block-separator has-text-color has-contrast-3-color has-alpha-channel-opacity has-contrast-3-background-color has-background is-style-wide\"\/>\n\n\n\n<p class=\"has-text-align-center has-small-font-size\">Entretien du mat\u00e9riel<br><em>(Voir ci-dessous)<\/em><\/p>\n\n\n\n<hr class=\"wp-block-separator has-text-color has-contrast-3-color has-alpha-channel-opacity has-contrast-3-background-color has-background is-style-wide\"\/>\n<\/div>\n<\/div>\n<\/div>\n\n\n\n<div style=\"height:var(--wp--preset--spacing--10)\" aria-hidden=\"true\" class=\"wp-block-spacer\"><\/div>\n\n\n\n<blockquote class=\"wp-block-quote alignwide has-text-align-center is-layout-flow wp-block-quote-is-layout-flow\">\n<p class=\"has-text-align-center has-large-font-size\"><strong>Cat\u00e9gories &amp; licences 25\/26<\/strong><\/p>\n\n\n\n<p class=\"has-text-align-center has-medium-font-size\"><em>\u00ab\u00a0avec assurance option LICENCE+\u00a0\u00bb<\/em><br><br><strong>M7 &gt; 40 \u20ac<\/strong><br>M7 N\u00e9s entre 01\/01\/2019 et 31\/12\/2020<br><strong><br>M9 &gt; 58 \u20ac<\/strong><br>N\u00e9s entre 01\/01\/2017 et 31\/12\/2018<br><br><strong>M11 &amp; plus &gt; 72 \u20ac<\/strong><br>N\u00e9s le 31\/12\/2016 et avant<\/p>\n\n\n\n<div style=\"height:var(--wp--preset--spacing--10)\" aria-hidden=\"true\" class=\"wp-block-spacer\"><\/div>\n\n\n\n<p class=\"has-text-align-center has-large-font-size\"><strong>Entretien du mat\u00e9riel<\/strong><\/p>\n\n\n\n<p class=\"has-text-align-center has-medium-font-size\"><strong>Veste, pantalon et sous-cuirasse<\/strong><br>Laver la veste, le pantalon et la sous-cuirasse en machine \u00e0 30\u00b0,<br>essorage 800, les velcros scratch\u00e9s pour prolonger leur dur\u00e9e.<br>Utiliser une lessive classique sans javel.<br>Pas de s\u00e8che linge ni de repassage.<br><br><strong>Masque<\/strong><br>Passer l&rsquo;int\u00e9rieur d\u00e9tachable \u00e0 la machine \u00e0 30\u00b0.<br>Nous consulter pour un nettoyage plus complet.<br><br><strong>Gant<\/strong><br>Le gant a tendance \u00e0 d\u00e9teindre, laver le en machine \u00e0 30\u00b0 s\u00e9par\u00e9ment.<\/p>\n\n\n\n<figure class=\"wp-block-image aligncenter size-full is-resized has-custom-border is-style-rounded wp-duotone-unset-3 is-style-rounded--2\"><img loading=\"lazy\" decoding=\"async\" width=\"512\" height=\"512\" src=\"https:\/\/niort-escrime.com\/wp-content\/uploads\/2024\/09\/Picto-30.jpg\" alt=\"\" class=\"wp-image-862\" style=\"border-width:1px;width:auto;height:60px\" srcset=\"https:\/\/niort-escrime.com\/wp-content\/uploads\/2024\/09\/Picto-30.jpg 512w, https:\/\/niort-escrime.com\/wp-content\/uploads\/2024\/09\/Picto-30-300x300.jpg 300w, https:\/\/niort-escrime.com\/wp-content\/uploads\/2024\/09\/Picto-30-150x150.jpg 150w\" sizes=\"auto, (max-width: 512px) 100vw, 512px\" \/><\/figure>\n<\/blockquote>\n<\/div>\n","protected":false},"excerpt":{"rendered":"<p>Rejoignez-nous ! Le club accueille des tireurs \u00e0 partir de l\u2019\u00e2ge de 6 ans (ann\u00e9e de CP).Les jeunes tireurs se forment au fleuret. La section ados\/adultes accueille des tireurs de tous les niveaux, du d\u00e9butant au comp\u00e9titeur exp\u00e9riment\u00e9, \u00e0 l\u2019\u00e9p\u00e9e ou au sabre. Le paiement s\u2019effectue par virement ou par ch\u00e8que(s) \u00e0 l\u2019inscription.Il est possible [&hellip;]<\/p>\n","protected":false},"author":1,"featured_media":0,"parent":0,"menu_order":0,"comment_status":"closed","ping_status":"closed","template":"","meta":{"footnotes":""},"class_list":["post-21","page","type-page","status-publish","hentry"],"aioseo_notices":[],"_links":{"self":[{"href":"https:\/\/niort-escrime.com\/index.php\/wp-json\/wp\/v2\/pages\/21","targetHints":{"allow":["GET"]}}],"collection":[{"href":"https:\/\/niort-escrime.com\/index.php\/wp-json\/wp\/v2\/pages"}],"about":[{"href":"https:\/\/niort-escrime.com\/index.php\/wp-json\/wp\/v2\/types\/page"}],"author":[{"embeddable":true,"href":"https:\/\/niort-escrime.com\/index.php\/wp-json\/wp\/v2\/users\/1"}],"replies":[{"embeddable":true,"href":"https:\/\/niort-escrime.com\/index.php\/wp-json\/wp\/v2\/comments?post=21"}],"version-history":[{"count":234,"href":"https:\/\/niort-escrime.com\/index.php\/wp-json\/wp\/v2\/pages\/21\/revisions"}],"predecessor-version":[{"id":1263,"href":"https:\/\/niort-escrime.com\/index.php\/wp-json\/wp\/v2\/pages\/21\/revisions\/1263"}],"wp:attachment":[{"href":"https:\/\/niort-escrime.com\/index.php\/wp-json\/wp\/v2\/media?parent=21"}],"curies":[{"name":"wp","href":"https:\/\/api.w.org\/{rel}","templated":true}]}}