{"id":19,"date":"2024-02-08T00:31:44","date_gmt":"2024-02-07T23:31:44","guid":{"rendered":"https:\/\/niort-escrime.com\/?page_id=19"},"modified":"2026-03-19T20:47:27","modified_gmt":"2026-03-19T19:47:27","slug":"le-club","status":"publish","type":"page","link":"https:\/\/niort-escrime.com\/index.php\/le-club\/","title":{"rendered":"Le Club"},"content":{"rendered":"\n<div class=\"wp-block-group alignwide has-base-2-background-color has-background has-global-padding is-layout-constrained wp-container-core-group-is-layout-a151063b wp-block-group-is-layout-constrained\" style=\"border-radius:16px;padding-top:var(--wp--preset--spacing--50);padding-right:var(--wp--preset--spacing--40);padding-bottom:var(--wp--preset--spacing--50);padding-left:var(--wp--preset--spacing--40)\">\n<h2 class=\"wp-block-heading has-text-align-center\">L&rsquo;escrime niortaise depuis 1952<\/h2>\n\n\n\n<div style=\"height:var(--wp--preset--spacing--10)\" aria-hidden=\"true\" class=\"wp-block-spacer\"><\/div>\n\n\n\n<p class=\"has-text-align-center\">Le Cercle d&rsquo;Escrime Du Guesclin est pr\u00eat \u00e0 vous accueillir dans sa salle d&rsquo;armes \u00e0 l&rsquo;Acclameur. Vous y retrouverez dix pistes pour d\u00e9couvrir l&rsquo;art de l&rsquo;escrime, vous perfectionner et vous entra\u00eener en toute convivialit\u00e9.<br><strong><br>Salle d&rsquo;armes \u00e0 l&rsquo;Acclameur<br>50 rue Charles Darwin &#8211; 79000 Niort<\/strong><\/p>\n\n\n\n<div style=\"height:var(--wp--preset--spacing--10)\" aria-hidden=\"true\" class=\"wp-block-spacer\"><\/div>\n\n\n\n<figure class=\"wp-block-image alignwide size-full is-style-rounded wp-duotone-unset-2 is-style-rounded--1\"><img loading=\"lazy\" decoding=\"async\" width=\"1000\" height=\"1000\" src=\"https:\/\/niort-escrime.com\/wp-content\/uploads\/2024\/12\/Salle-10.png\" alt=\"\" class=\"wp-image-911\" srcset=\"https:\/\/niort-escrime.com\/wp-content\/uploads\/2024\/12\/Salle-10.png 1000w, https:\/\/niort-escrime.com\/wp-content\/uploads\/2024\/12\/Salle-10-300x300.png 300w, https:\/\/niort-escrime.com\/wp-content\/uploads\/2024\/12\/Salle-10-150x150.png 150w, https:\/\/niort-escrime.com\/wp-content\/uploads\/2024\/12\/Salle-10-768x768.png 768w\" sizes=\"auto, (max-width: 1000px) 100vw, 1000px\" \/><\/figure>\n\n\n\n<blockquote class=\"wp-block-quote alignwide is-layout-flow wp-block-quote-is-layout-flow\">\n<figure class=\"wp-block-image aligncenter size-thumbnail is-resized has-custom-border is-style-rounded is-style-rounded--3\"><img loading=\"lazy\" decoding=\"async\" width=\"150\" height=\"150\" src=\"https:\/\/niort-escrime.com\/wp-content\/uploads\/2024\/12\/DG-150x150.jpg\" alt=\"\" class=\"wp-image-946\" style=\"border-width:1px;width:auto;height:120px\" srcset=\"https:\/\/niort-escrime.com\/wp-content\/uploads\/2024\/12\/DG-150x150.jpg 150w, https:\/\/niort-escrime.com\/wp-content\/uploads\/2024\/12\/DG-300x300.jpg 300w, https:\/\/niort-escrime.com\/wp-content\/uploads\/2024\/12\/DG.jpg 500w\" sizes=\"auto, (max-width: 150px) 100vw, 150px\" \/><\/figure>\n\n\n\n<div style=\"height:var(--wp--preset--spacing--10)\" aria-hidden=\"true\" class=\"wp-block-spacer\"><\/div>\n\n\n\n<p class=\"has-text-align-center has-medium-font-size\">Le Cercle d\u2019escrime Du Guesclin est une association sportive loi 1901 dont la cr\u00e9ation remonte \u00e0 1952 et qui se transmet d\u2019escrimeurs en escrimeurs.\u2028<br>Le Club porte le nom du conn\u00e9table Bertrand Du Guesclin, qui en 1373, lib\u00e9ra Niort du joug Anglais en d\u00e9guisant ses troupes en soldats adverses.<br><br>Il faut noter quelques beaux r\u00e9sultats pour le Club : ceux du Ma\u00eetre Andr\u00e9 Chaboisseau (m\u00e9daille de bronze au sabre aux championnats du monde des v\u00e9t\u00e9rans 2006 en Floride et champion du monde au sabre v\u00e9t\u00e9ran en 2016 \u00e0 Limoges) et de Martine Goyec (cat\u00e9gorie v\u00e9t\u00e9ran fleuret et \u00e9p\u00e9e &#8211; double championne de France et m\u00e9daille de bronze europ\u00e9enne).<br><br>\u2028Le club peut s\u2019appuyer sur son Pr\u00e9v\u00f4t F\u00e9d\u00e9ral historique <strong>Bernard Le Hir<\/strong> qui, au cours des ann\u00e9es 2000, a form\u00e9 et entrain\u00e9 de nombreux jeunes ayant fait leurs preuves sur les circuits nationaux jusqu&rsquo;aux Championnats de France.<br>Il assure aujourd\u2019hui la formation des jeunes et des n\u00e9o-pratiquants de tous \u00e2ges.<br><br>Le <strong>Ma\u00eetre Laurent Monpays<\/strong>, Ma\u00eetre d&rsquo;Armes D.E. et \u00e9p\u00e9iste \u00e9m\u00e9rite (victoires sur des challenges internationaux s\u00e9niors) apporte son expertise dans le domaine de la comp\u00e9tition. Il est en charge aujourd&rsquo;hui de la dynamique de performance dans laquelle le club souhaite s&rsquo;engager.<\/p>\n<\/blockquote>\n\n\n\n<div class=\"wp-block-group alignwide is-vertical is-content-justification-left is-layout-flex wp-container-core-group-is-layout-b21d21b4 wp-block-group-is-layout-flex\">\n<h2 class=\"wp-block-heading has-text-align-left has-x-large-font-size\">Les enseignants<\/h2>\n<\/div>\n\n\n\n<div class=\"wp-block-columns alignwide is-not-stacked-on-mobile is-layout-flex wp-container-core-columns-is-layout-4935966c wp-block-columns-is-layout-flex\" style=\"padding-right:0;padding-left:0\">\n<div class=\"wp-block-column is-layout-flow wp-block-column-is-layout-flow\">\n<figure class=\"wp-block-image aligncenter size-full is-style-rounded wp-duotone-unset-5 is-style-rounded--4\"><img loading=\"lazy\" decoding=\"async\" width=\"512\" height=\"512\" src=\"https:\/\/niort-escrime.com\/wp-content\/uploads\/2024\/12\/Perso-ML.png\" alt=\"\" class=\"wp-image-920\" srcset=\"https:\/\/niort-escrime.com\/wp-content\/uploads\/2024\/12\/Perso-ML.png 512w, https:\/\/niort-escrime.com\/wp-content\/uploads\/2024\/12\/Perso-ML-300x300.png 300w, https:\/\/niort-escrime.com\/wp-content\/uploads\/2024\/12\/Perso-ML-150x150.png 150w\" sizes=\"auto, (max-width: 512px) 100vw, 512px\" \/><\/figure>\n\n\n\n<div class=\"wp-block-group is-vertical is-content-justification-center is-nowrap is-layout-flex wp-container-core-group-is-layout-4f34a8be wp-block-group-is-layout-flex\">\n<p class=\"has-text-align-center has-small-font-size\"><strong>Laurent MONPAYS<\/strong><\/p>\n\n\n\n<p class=\"has-text-align-center has-small-font-size\"><em>Ma\u00eetre d&rsquo;armes D.E.<\/em><\/p>\n<\/div>\n<\/div>\n\n\n\n<div class=\"wp-block-column is-layout-flow wp-block-column-is-layout-flow\">\n<figure class=\"wp-block-image aligncenter size-full is-style-rounded wp-duotone-unset-7 is-style-rounded--6\"><img loading=\"lazy\" decoding=\"async\" width=\"512\" height=\"512\" src=\"https:\/\/niort-escrime.com\/wp-content\/uploads\/2024\/12\/Perso-MB1.png\" alt=\"\" class=\"wp-image-929\" style=\"object-fit:cover\" srcset=\"https:\/\/niort-escrime.com\/wp-content\/uploads\/2024\/12\/Perso-MB1.png 512w, https:\/\/niort-escrime.com\/wp-content\/uploads\/2024\/12\/Perso-MB1-300x300.png 300w, https:\/\/niort-escrime.com\/wp-content\/uploads\/2024\/12\/Perso-MB1-150x150.png 150w\" sizes=\"auto, (max-width: 512px) 100vw, 512px\" \/><\/figure>\n\n\n\n<div class=\"wp-block-group is-vertical is-content-justification-center is-nowrap is-layout-flex wp-container-core-group-is-layout-4f34a8be wp-block-group-is-layout-flex\">\n<p class=\"has-text-align-center has-small-font-size\"><strong>Bernard LE HIR<\/strong><\/p>\n\n\n\n<p class=\"has-text-align-center has-small-font-size\"><em>Pr\u00e9v\u00f4t d&rsquo;armes<\/em><br><em>Moniteur II<\/em><\/p>\n<\/div>\n<\/div>\n\n\n\n<div class=\"wp-block-column is-layout-flow wp-block-column-is-layout-flow\">\n<figure class=\"wp-block-image size-full is-style-rounded is-style-rounded--8\"><img loading=\"lazy\" decoding=\"async\" width=\"512\" height=\"512\" src=\"https:\/\/niort-escrime.com\/wp-content\/uploads\/2024\/02\/cropped-Logo-Picto2.png\" alt=\"\" class=\"wp-image-494\" srcset=\"https:\/\/niort-escrime.com\/wp-content\/uploads\/2024\/02\/cropped-Logo-Picto2.png 512w, https:\/\/niort-escrime.com\/wp-content\/uploads\/2024\/02\/cropped-Logo-Picto2-300x300.png 300w, https:\/\/niort-escrime.com\/wp-content\/uploads\/2024\/02\/cropped-Logo-Picto2-150x150.png 150w, https:\/\/niort-escrime.com\/wp-content\/uploads\/2024\/02\/cropped-Logo-Picto2-270x270.png 270w, https:\/\/niort-escrime.com\/wp-content\/uploads\/2024\/02\/cropped-Logo-Picto2-192x192.png 192w, https:\/\/niort-escrime.com\/wp-content\/uploads\/2024\/02\/cropped-Logo-Picto2-180x180.png 180w, https:\/\/niort-escrime.com\/wp-content\/uploads\/2024\/02\/cropped-Logo-Picto2-32x32.png 32w\" sizes=\"auto, (max-width: 512px) 100vw, 512px\" \/><\/figure>\n<\/div>\n<\/div>\n\n\n\n<div class=\"wp-block-group alignwide is-vertical is-content-justification-left is-layout-flex wp-container-core-group-is-layout-b21d21b4 wp-block-group-is-layout-flex\">\n<h2 class=\"wp-block-heading has-text-align-left has-x-large-font-size\">L&rsquo;\u00e9quipe associative<\/h2>\n<\/div>\n\n\n\n<div class=\"wp-block-columns alignwide is-not-stacked-on-mobile is-layout-flex wp-container-core-columns-is-layout-4935966c wp-block-columns-is-layout-flex\" style=\"padding-right:0;padding-left:0\">\n<div class=\"wp-block-column is-layout-flow wp-block-column-is-layout-flow\">\n<figure class=\"wp-block-image size-full is-style-rounded wp-duotone-unset-10 is-style-rounded--9\"><img loading=\"lazy\" decoding=\"async\" width=\"512\" height=\"512\" src=\"https:\/\/niort-escrime.com\/wp-content\/uploads\/2024\/02\/PersoC.png\" alt=\"\" class=\"wp-image-459\" srcset=\"https:\/\/niort-escrime.com\/wp-content\/uploads\/2024\/02\/PersoC.png 512w, https:\/\/niort-escrime.com\/wp-content\/uploads\/2024\/02\/PersoC-300x300.png 300w, https:\/\/niort-escrime.com\/wp-content\/uploads\/2024\/02\/PersoC-150x150.png 150w\" sizes=\"auto, (max-width: 512px) 100vw, 512px\" \/><\/figure>\n\n\n\n<div class=\"wp-block-group is-vertical is-content-justification-center is-nowrap is-layout-flex wp-container-core-group-is-layout-4f34a8be wp-block-group-is-layout-flex\">\n<p class=\"has-text-align-center has-small-font-size\"><strong>Colas GRANSARD<\/strong><\/p>\n\n\n\n<p class=\"has-text-align-center has-small-font-size\"><em>Pr\u00e9sident<\/em><\/p>\n<\/div>\n<\/div>\n\n\n\n<div class=\"wp-block-column is-layout-flow wp-block-column-is-layout-flow\">\n<figure class=\"wp-block-image size-full is-style-rounded wp-duotone-unset-12 is-style-rounded--11\"><img loading=\"lazy\" decoding=\"async\" width=\"512\" height=\"512\" src=\"https:\/\/niort-escrime.com\/wp-content\/uploads\/2024\/02\/Perso3.png\" alt=\"\" class=\"wp-image-445\" srcset=\"https:\/\/niort-escrime.com\/wp-content\/uploads\/2024\/02\/Perso3.png 512w, https:\/\/niort-escrime.com\/wp-content\/uploads\/2024\/02\/Perso3-300x300.png 300w, https:\/\/niort-escrime.com\/wp-content\/uploads\/2024\/02\/Perso3-150x150.png 150w\" sizes=\"auto, (max-width: 512px) 100vw, 512px\" \/><\/figure>\n\n\n\n<div class=\"wp-block-group is-vertical is-content-justification-center is-nowrap is-layout-flex wp-container-core-group-is-layout-4f34a8be wp-block-group-is-layout-flex\">\n<p class=\"has-text-align-center has-small-font-size\"><strong>Pierre-Emmanuel SAULNIER<\/strong><\/p>\n\n\n\n<p class=\"has-text-align-center has-small-font-size\"><em>Tr\u00e9sorier<\/em><\/p>\n<\/div>\n<\/div>\n\n\n\n<div class=\"wp-block-column is-layout-flow wp-block-column-is-layout-flow\">\n<figure class=\"wp-block-image size-full is-style-rounded wp-duotone-unset-14 is-style-rounded--13\"><img loading=\"lazy\" decoding=\"async\" width=\"512\" height=\"512\" src=\"https:\/\/niort-escrime.com\/wp-content\/uploads\/2024\/02\/cropped-Logo-Picto2.png\" alt=\"\" class=\"wp-image-494\" srcset=\"https:\/\/niort-escrime.com\/wp-content\/uploads\/2024\/02\/cropped-Logo-Picto2.png 512w, https:\/\/niort-escrime.com\/wp-content\/uploads\/2024\/02\/cropped-Logo-Picto2-300x300.png 300w, https:\/\/niort-escrime.com\/wp-content\/uploads\/2024\/02\/cropped-Logo-Picto2-150x150.png 150w, https:\/\/niort-escrime.com\/wp-content\/uploads\/2024\/02\/cropped-Logo-Picto2-270x270.png 270w, https:\/\/niort-escrime.com\/wp-content\/uploads\/2024\/02\/cropped-Logo-Picto2-192x192.png 192w, https:\/\/niort-escrime.com\/wp-content\/uploads\/2024\/02\/cropped-Logo-Picto2-180x180.png 180w, https:\/\/niort-escrime.com\/wp-content\/uploads\/2024\/02\/cropped-Logo-Picto2-32x32.png 32w\" sizes=\"auto, (max-width: 512px) 100vw, 512px\" \/><\/figure>\n\n\n\n<div class=\"wp-block-group is-vertical is-content-justification-center is-nowrap is-layout-flex wp-container-core-group-is-layout-a1645078 wp-block-group-is-layout-flex\">\n<p class=\"has-text-align-center has-small-font-size\"><strong>Anne TRIQUET<\/strong><\/p>\n\n\n\n<p class=\"has-text-align-center has-small-font-size\"><em>Secr\u00e9taire<\/em><\/p>\n<\/div>\n<\/div>\n\n\n\n<div class=\"wp-block-column is-layout-flow wp-block-column-is-layout-flow\">\n<figure class=\"wp-block-image size-full is-style-rounded wp-duotone-unset-16 is-style-rounded--15\"><img loading=\"lazy\" decoding=\"async\" width=\"512\" height=\"512\" src=\"https:\/\/niort-escrime.com\/wp-content\/uploads\/2024\/02\/cropped-Logo-Picto2.png\" alt=\"\" class=\"wp-image-494\" srcset=\"https:\/\/niort-escrime.com\/wp-content\/uploads\/2024\/02\/cropped-Logo-Picto2.png 512w, https:\/\/niort-escrime.com\/wp-content\/uploads\/2024\/02\/cropped-Logo-Picto2-300x300.png 300w, https:\/\/niort-escrime.com\/wp-content\/uploads\/2024\/02\/cropped-Logo-Picto2-150x150.png 150w, https:\/\/niort-escrime.com\/wp-content\/uploads\/2024\/02\/cropped-Logo-Picto2-270x270.png 270w, https:\/\/niort-escrime.com\/wp-content\/uploads\/2024\/02\/cropped-Logo-Picto2-192x192.png 192w, https:\/\/niort-escrime.com\/wp-content\/uploads\/2024\/02\/cropped-Logo-Picto2-180x180.png 180w, https:\/\/niort-escrime.com\/wp-content\/uploads\/2024\/02\/cropped-Logo-Picto2-32x32.png 32w\" sizes=\"auto, (max-width: 512px) 100vw, 512px\" \/><\/figure>\n\n\n\n<div class=\"wp-block-group is-vertical is-content-justification-center is-nowrap is-layout-flex wp-container-core-group-is-layout-4f34a8be wp-block-group-is-layout-flex\">\n<p class=\"has-text-align-center has-small-font-size\"><strong>Isabelle VALOIS<\/strong><\/p>\n\n\n\n<p class=\"has-text-align-center has-small-font-size\"><em>Membre du CA<\/em><\/p>\n<\/div>\n<\/div>\n\n\n\n<div class=\"wp-block-column is-layout-flow wp-block-column-is-layout-flow\">\n<figure class=\"wp-block-image size-full is-style-rounded wp-duotone-unset-18 is-style-rounded--17\"><img loading=\"lazy\" decoding=\"async\" width=\"512\" height=\"512\" src=\"https:\/\/niort-escrime.com\/wp-content\/uploads\/2024\/02\/cropped-Logo-Picto2.png\" alt=\"\" class=\"wp-image-494\" srcset=\"https:\/\/niort-escrime.com\/wp-content\/uploads\/2024\/02\/cropped-Logo-Picto2.png 512w, https:\/\/niort-escrime.com\/wp-content\/uploads\/2024\/02\/cropped-Logo-Picto2-300x300.png 300w, https:\/\/niort-escrime.com\/wp-content\/uploads\/2024\/02\/cropped-Logo-Picto2-150x150.png 150w, https:\/\/niort-escrime.com\/wp-content\/uploads\/2024\/02\/cropped-Logo-Picto2-270x270.png 270w, https:\/\/niort-escrime.com\/wp-content\/uploads\/2024\/02\/cropped-Logo-Picto2-192x192.png 192w, https:\/\/niort-escrime.com\/wp-content\/uploads\/2024\/02\/cropped-Logo-Picto2-180x180.png 180w, https:\/\/niort-escrime.com\/wp-content\/uploads\/2024\/02\/cropped-Logo-Picto2-32x32.png 32w\" sizes=\"auto, (max-width: 512px) 100vw, 512px\" \/><\/figure>\n\n\n\n<div class=\"wp-block-group is-vertical is-content-justification-center is-nowrap is-layout-flex wp-container-core-group-is-layout-a1645078 wp-block-group-is-layout-flex\">\n<p class=\"has-text-align-center has-small-font-size\"><strong>Olivier VALOIS<\/strong><\/p>\n\n\n\n<p class=\"has-text-align-center has-small-font-size\"><em>Membre du CA<\/em><\/p>\n<\/div>\n<\/div>\n\n\n\n<div class=\"wp-block-column is-layout-flow wp-block-column-is-layout-flow\">\n<figure class=\"wp-block-image size-full is-style-rounded wp-duotone-unset-20 is-style-rounded--19\"><img loading=\"lazy\" decoding=\"async\" width=\"512\" height=\"512\" src=\"https:\/\/niort-escrime.com\/wp-content\/uploads\/2024\/02\/cropped-Logo-Picto2.png\" alt=\"\" class=\"wp-image-494\" srcset=\"https:\/\/niort-escrime.com\/wp-content\/uploads\/2024\/02\/cropped-Logo-Picto2.png 512w, https:\/\/niort-escrime.com\/wp-content\/uploads\/2024\/02\/cropped-Logo-Picto2-300x300.png 300w, https:\/\/niort-escrime.com\/wp-content\/uploads\/2024\/02\/cropped-Logo-Picto2-150x150.png 150w, https:\/\/niort-escrime.com\/wp-content\/uploads\/2024\/02\/cropped-Logo-Picto2-270x270.png 270w, https:\/\/niort-escrime.com\/wp-content\/uploads\/2024\/02\/cropped-Logo-Picto2-192x192.png 192w, https:\/\/niort-escrime.com\/wp-content\/uploads\/2024\/02\/cropped-Logo-Picto2-180x180.png 180w, https:\/\/niort-escrime.com\/wp-content\/uploads\/2024\/02\/cropped-Logo-Picto2-32x32.png 32w\" sizes=\"auto, (max-width: 512px) 100vw, 512px\" \/><\/figure>\n\n\n\n<div class=\"wp-block-group is-vertical is-content-justification-center is-nowrap is-layout-flex wp-container-core-group-is-layout-4f34a8be wp-block-group-is-layout-flex\">\n<p class=\"has-text-align-center has-small-font-size\"><strong>Emmanuelle MERCIER-BOURDIN<\/strong><\/p>\n\n\n\n<p class=\"has-text-align-center has-small-font-size\"><em>Membre du CA<\/em><\/p>\n<\/div>\n<\/div>\n<\/div>\n\n\n\n<div class=\"wp-block-columns alignwide is-not-stacked-on-mobile is-layout-flex wp-container-core-columns-is-layout-4935966c wp-block-columns-is-layout-flex\" style=\"padding-right:0;padding-left:0\">\n<div class=\"wp-block-column is-layout-flow wp-block-column-is-layout-flow\">\n<figure class=\"wp-block-image size-full is-style-rounded wp-duotone-unset-22 is-style-rounded--21\"><img loading=\"lazy\" decoding=\"async\" width=\"512\" height=\"512\" src=\"https:\/\/niort-escrime.com\/wp-content\/uploads\/2024\/11\/PersoP2.png\" alt=\"\" class=\"wp-image-904\" srcset=\"https:\/\/niort-escrime.com\/wp-content\/uploads\/2024\/11\/PersoP2.png 512w, https:\/\/niort-escrime.com\/wp-content\/uploads\/2024\/11\/PersoP2-300x300.png 300w, https:\/\/niort-escrime.com\/wp-content\/uploads\/2024\/11\/PersoP2-150x150.png 150w\" sizes=\"auto, (max-width: 512px) 100vw, 512px\" \/><\/figure>\n\n\n\n<div class=\"wp-block-group is-vertical is-content-justification-center is-nowrap is-layout-flex wp-container-core-group-is-layout-4f34a8be wp-block-group-is-layout-flex\">\n<p class=\"has-text-align-center has-small-font-size\"><strong>Pierre BONITHON<\/strong><\/p>\n\n\n\n<p class=\"has-text-align-center has-small-font-size\"><em>Membre du CA<\/em><\/p>\n<\/div>\n<\/div>\n\n\n\n<div class=\"wp-block-column is-layout-flow wp-block-column-is-layout-flow\">\n<figure class=\"wp-block-image size-full is-style-rounded wp-duotone-unset-24 is-style-rounded--23\"><img loading=\"lazy\" decoding=\"async\" width=\"512\" height=\"512\" src=\"https:\/\/niort-escrime.com\/wp-content\/uploads\/2024\/02\/Perso1.png\" alt=\"\" class=\"wp-image-444\" srcset=\"https:\/\/niort-escrime.com\/wp-content\/uploads\/2024\/02\/Perso1.png 512w, https:\/\/niort-escrime.com\/wp-content\/uploads\/2024\/02\/Perso1-300x300.png 300w, https:\/\/niort-escrime.com\/wp-content\/uploads\/2024\/02\/Perso1-150x150.png 150w\" sizes=\"auto, (max-width: 512px) 100vw, 512px\" \/><\/figure>\n\n\n\n<div class=\"wp-block-group is-vertical is-content-justification-center is-nowrap is-layout-flex wp-container-core-group-is-layout-4f34a8be wp-block-group-is-layout-flex\">\n<p class=\"has-text-align-center has-small-font-size\"><strong>Fran\u00e7ois VIALA<\/strong><\/p>\n\n\n\n<p class=\"has-text-align-center has-small-font-size\"><em>Membre du CA<\/em><\/p>\n<\/div>\n<\/div>\n\n\n\n<div class=\"wp-block-column is-layout-flow wp-block-column-is-layout-flow\">\n<figure class=\"wp-block-image size-full is-style-rounded wp-duotone-unset-26 is-style-rounded--25\"><img loading=\"lazy\" decoding=\"async\" width=\"512\" height=\"512\" src=\"https:\/\/niort-escrime.com\/wp-content\/uploads\/2024\/02\/cropped-Logo-Picto2.png\" alt=\"\" class=\"wp-image-494\" srcset=\"https:\/\/niort-escrime.com\/wp-content\/uploads\/2024\/02\/cropped-Logo-Picto2.png 512w, https:\/\/niort-escrime.com\/wp-content\/uploads\/2024\/02\/cropped-Logo-Picto2-300x300.png 300w, https:\/\/niort-escrime.com\/wp-content\/uploads\/2024\/02\/cropped-Logo-Picto2-150x150.png 150w, https:\/\/niort-escrime.com\/wp-content\/uploads\/2024\/02\/cropped-Logo-Picto2-270x270.png 270w, https:\/\/niort-escrime.com\/wp-content\/uploads\/2024\/02\/cropped-Logo-Picto2-192x192.png 192w, https:\/\/niort-escrime.com\/wp-content\/uploads\/2024\/02\/cropped-Logo-Picto2-180x180.png 180w, https:\/\/niort-escrime.com\/wp-content\/uploads\/2024\/02\/cropped-Logo-Picto2-32x32.png 32w\" sizes=\"auto, (max-width: 512px) 100vw, 512px\" \/><\/figure>\n\n\n\n<div class=\"wp-block-group is-vertical is-content-justification-center is-nowrap is-layout-flex wp-container-core-group-is-layout-4f34a8be wp-block-group-is-layout-flex\">\n<p class=\"has-text-align-center has-small-font-size\"><strong>Aur\u00e9lia GAILLARD<\/strong><\/p>\n\n\n\n<p class=\"has-text-align-center has-small-font-size\"><em>Membre du CA<\/em><\/p>\n<\/div>\n<\/div>\n\n\n\n<div class=\"wp-block-column is-layout-flow wp-block-column-is-layout-flow\">\n<figure class=\"wp-block-image size-full is-style-rounded wp-duotone-unset-28 is-style-rounded--27\"><img loading=\"lazy\" decoding=\"async\" width=\"512\" height=\"512\" src=\"https:\/\/niort-escrime.com\/wp-content\/uploads\/2024\/02\/cropped-Logo-Picto2.png\" alt=\"\" class=\"wp-image-494\" srcset=\"https:\/\/niort-escrime.com\/wp-content\/uploads\/2024\/02\/cropped-Logo-Picto2.png 512w, https:\/\/niort-escrime.com\/wp-content\/uploads\/2024\/02\/cropped-Logo-Picto2-300x300.png 300w, https:\/\/niort-escrime.com\/wp-content\/uploads\/2024\/02\/cropped-Logo-Picto2-150x150.png 150w, https:\/\/niort-escrime.com\/wp-content\/uploads\/2024\/02\/cropped-Logo-Picto2-270x270.png 270w, https:\/\/niort-escrime.com\/wp-content\/uploads\/2024\/02\/cropped-Logo-Picto2-192x192.png 192w, https:\/\/niort-escrime.com\/wp-content\/uploads\/2024\/02\/cropped-Logo-Picto2-180x180.png 180w, https:\/\/niort-escrime.com\/wp-content\/uploads\/2024\/02\/cropped-Logo-Picto2-32x32.png 32w\" sizes=\"auto, (max-width: 512px) 100vw, 512px\" \/><\/figure>\n\n\n\n<div class=\"wp-block-group is-vertical is-content-justification-center is-nowrap is-layout-flex wp-container-core-group-is-layout-4f34a8be wp-block-group-is-layout-flex\">\n<p class=\"has-text-align-center has-small-font-size\"><strong>David BILLEROT<\/strong><\/p>\n\n\n\n<p class=\"has-text-align-center has-small-font-size\"><em>Membre du CA<\/em><\/p>\n<\/div>\n<\/div>\n\n\n\n<div class=\"wp-block-column is-layout-flow wp-block-column-is-layout-flow\">\n<figure class=\"wp-block-image aligncenter size-full is-style-rounded wp-duotone-unset-30 is-style-rounded--29\"><img loading=\"lazy\" decoding=\"async\" width=\"512\" height=\"512\" src=\"https:\/\/niort-escrime.com\/wp-content\/uploads\/2024\/12\/Perso-ML.png\" alt=\"\" class=\"wp-image-920\" srcset=\"https:\/\/niort-escrime.com\/wp-content\/uploads\/2024\/12\/Perso-ML.png 512w, https:\/\/niort-escrime.com\/wp-content\/uploads\/2024\/12\/Perso-ML-300x300.png 300w, https:\/\/niort-escrime.com\/wp-content\/uploads\/2024\/12\/Perso-ML-150x150.png 150w\" sizes=\"auto, (max-width: 512px) 100vw, 512px\" \/><\/figure>\n\n\n\n<div class=\"wp-block-group is-vertical is-content-justification-center is-nowrap is-layout-flex wp-container-core-group-is-layout-4f34a8be wp-block-group-is-layout-flex\">\n<p class=\"has-text-align-center has-small-font-size\"><strong>Laurent MONPAYS<\/strong><\/p>\n\n\n\n<p class=\"has-text-align-center has-small-font-size\"><em>Membre du CA<\/em><\/p>\n<\/div>\n<\/div>\n\n\n\n<div class=\"wp-block-column is-layout-flow wp-block-column-is-layout-flow\">\n<figure class=\"wp-block-image aligncenter size-full is-style-rounded wp-duotone-unset-32 is-style-rounded--31\"><img loading=\"lazy\" decoding=\"async\" width=\"512\" height=\"512\" src=\"https:\/\/niort-escrime.com\/wp-content\/uploads\/2024\/12\/Perso-MB1.png\" alt=\"\" class=\"wp-image-929\" style=\"object-fit:cover\" srcset=\"https:\/\/niort-escrime.com\/wp-content\/uploads\/2024\/12\/Perso-MB1.png 512w, https:\/\/niort-escrime.com\/wp-content\/uploads\/2024\/12\/Perso-MB1-300x300.png 300w, https:\/\/niort-escrime.com\/wp-content\/uploads\/2024\/12\/Perso-MB1-150x150.png 150w\" sizes=\"auto, (max-width: 512px) 100vw, 512px\" \/><\/figure>\n\n\n\n<div class=\"wp-block-group is-vertical is-content-justification-center is-nowrap is-layout-flex wp-container-core-group-is-layout-4f34a8be wp-block-group-is-layout-flex\">\n<p class=\"has-text-align-center has-small-font-size\"><strong>Bernard LE HIR<\/strong><\/p>\n\n\n\n<p class=\"has-text-align-center has-small-font-size\"><em>Membre du CA<\/em><\/p>\n<\/div>\n<\/div>\n<\/div>\n<\/div>\n\n\n\n<p><\/p>\n","protected":false},"excerpt":{"rendered":"<p>L&rsquo;escrime niortaise depuis 1952 Le Cercle d&rsquo;Escrime Du Guesclin est pr\u00eat \u00e0 vous accueillir dans sa salle d&rsquo;armes \u00e0 l&rsquo;Acclameur. Vous y retrouverez dix pistes pour d\u00e9couvrir l&rsquo;art de l&rsquo;escrime, vous perfectionner et vous entra\u00eener en toute convivialit\u00e9.Salle d&rsquo;armes \u00e0 l&rsquo;Acclameur50 rue Charles Darwin &#8211; 79000 Niort Le Cercle d\u2019escrime Du Guesclin est une association [&hellip;]<\/p>\n","protected":false},"author":1,"featured_media":0,"parent":0,"menu_order":0,"comment_status":"closed","ping_status":"closed","template":"","meta":{"footnotes":""},"class_list":["post-19","page","type-page","status-publish","hentry"],"aioseo_notices":[],"_links":{"self":[{"href":"https:\/\/niort-escrime.com\/index.php\/wp-json\/wp\/v2\/pages\/19","targetHints":{"allow":["GET"]}}],"collection":[{"href":"https:\/\/niort-escrime.com\/index.php\/wp-json\/wp\/v2\/pages"}],"about":[{"href":"https:\/\/niort-escrime.com\/index.php\/wp-json\/wp\/v2\/types\/page"}],"author":[{"embeddable":true,"href":"https:\/\/niort-escrime.com\/index.php\/wp-json\/wp\/v2\/users\/1"}],"replies":[{"embeddable":true,"href":"https:\/\/niort-escrime.com\/index.php\/wp-json\/wp\/v2\/comments?post=19"}],"version-history":[{"count":152,"href":"https:\/\/niort-escrime.com\/index.php\/wp-json\/wp\/v2\/pages\/19\/revisions"}],"predecessor-version":[{"id":1260,"href":"https:\/\/niort-escrime.com\/index.php\/wp-json\/wp\/v2\/pages\/19\/revisions\/1260"}],"wp:attachment":[{"href":"https:\/\/niort-escrime.com\/index.php\/wp-json\/wp\/v2\/media?parent=19"}],"curies":[{"name":"wp","href":"https:\/\/api.w.org\/{rel}","templated":true}]}}